{"id":1590,"date":"2023-06-22T00:20:39","date_gmt":"2023-06-22T07:20:39","guid":{"rendered":"https:\/\/sx.vcusoft.com\/?page_id=1590"},"modified":"2023-06-22T00:27:29","modified_gmt":"2023-06-22T07:27:29","slug":"shipping-policy","status":"publish","type":"page","link":"https:\/\/polycarbonatesheet.com\/es\/shipping-policy\/","title":{"rendered":"Pol\u00edtica de env\u00edo"},"content":{"rendered":"<div class=\"row align-center\"  id=\"row-2001960479\">\n\n\n\t<div id=\"col-164692097\" class=\"col medium-11 small-12 large-11\"  >\n\t\t\t\t<div class=\"col-inner\"  >\n\t\t\t\n\t\t\t\n\n\t<div id=\"gap-203440911\" class=\"gap-element clearfix\" style=\"display:block; height:auto;\">\n\t\t\n<style>\n#gap-203440911 {\n  padding-top: 20px;\n}\n@media (min-width:550px) {\n  #gap-203440911 {\n    padding-top: 30px;\n  }\n}\n@media (min-width:850px) {\n  #gap-203440911 {\n    padding-top: 50px;\n  }\n}\n<\/style>\n\t<\/div>\n\t\n\n<h1 style=\"text-align: center;\">Pol\u00edtica de env\u00edo<\/h1>\n<p>Hemos puesto mucho \u00e9nfasis en asegurarnos de que los art\u00edculos se entregan a nuestros clientes lo m\u00e1s r\u00e1pido posible.<\/p>\n<p>\u00a0<\/p>\n<p>El tiempo total es la suma del tiempo de procesamiento y el tiempo de env\u00edo.<\/p>\n<p>Tiempo de procesamiento = el tiempo entre el momento en que usted hace un pedido y cuando lo enviamos.<\/p>\n<p>Tiempo de env\u00edo = el tiempo entre cuando su pedido ha sido enviado y entregado a usted.<\/p>\n<p>Sus pedidos ser\u00e1n procesados dentro de 3-6 d\u00edas de la colocaci\u00f3n a menos que se indique lo contrario.<\/p>\n<p>\u00a0<\/p>\n<p>Tiempo de env\u00edo: los art\u00edculos peque\u00f1os tardar\u00e1n 3-7 d\u00edas laborables, y los art\u00edculos grandes tardar\u00e1n 7-14 d\u00edas laborables.<\/p>\n<p>Cualquier otra pregunta, por favor p\u00f3ngase en contacto con nosotros en qiujin@sxpcsheet.com<\/p>\n<p><strong>Gama de garant\u00eda de calidad<\/strong><\/p>\n<p>1.\u00a0The\u00a0<a href=\"https:\/\/polycarbonatesheet.com\/es\/\" data-mid=\"6\">polycarbonate sheet<\/a>\u00a0Producido por nuestra compa\u00f1\u00eda tiene las caracter\u00edsticas de buena resistencia a la intemperie, resistencia al impacto, alta transmitde la luz, f\u00e1cil instalaci\u00f3n de calidad, y una fuerte plasticidad. Bajo el correcto dise\u00f1o, instalaci\u00f3n y uso, no habr\u00e1 envejecimiento excesivo dentro de cinco a\u00f1os<\/p>\n<p>\u00a0<\/p>\n<p>2. Durante el periodo de garant\u00eda, si se produce una rotura natural, se garantiza su sustituci\u00f3n. La tabla de resistencia de la misma especificaci\u00f3n se sustituye por un cuadrado. Esta garant\u00eda no incluye el reembolso por reinstalaci\u00f3n o montaje. Otros da\u00f1os directos e indirectos pueden ser causados por da\u00f1os a la junta.<\/p>\n\n\t\t<\/div>\n\t\t\t\t\t<\/div>\n\n\t\n\n<\/div>","protected":false},"excerpt":{"rendered":"","protected":false},"author":1,"featured_media":0,"parent":0,"menu_order":0,"comment_status":"closed","ping_status":"closed","template":"","meta":{"_joinchat":[],"footnotes":""},"class_list":["post-1590","page","type-page","status-publish","hentry"],"_links":{"self":[{"href":"https:\/\/polycarbonatesheet.com\/es\/wp-json\/wp\/v2\/pages\/1590","targetHints":{"allow":["GET"]}}],"collection":[{"href":"https:\/\/polycarbonatesheet.com\/es\/wp-json\/wp\/v2\/pages"}],"about":[{"href":"https:\/\/polycarbonatesheet.com\/es\/wp-json\/wp\/v2\/types\/page"}],"author":[{"embeddable":true,"href":"https:\/\/polycarbonatesheet.com\/es\/wp-json\/wp\/v2\/users\/1"}],"replies":[{"embeddable":true,"href":"https:\/\/polycarbonatesheet.com\/es\/wp-json\/wp\/v2\/comments?post=1590"}],"version-history":[{"count":2,"href":"https:\/\/polycarbonatesheet.com\/es\/wp-json\/wp\/v2\/pages\/1590\/revisions"}],"predecessor-version":[{"id":1599,"href":"https:\/\/polycarbonatesheet.com\/es\/wp-json\/wp\/v2\/pages\/1590\/revisions\/1599"}],"wp:attachment":[{"href":"https:\/\/polycarbonatesheet.com\/es\/wp-json\/wp\/v2\/media?parent=1590"}],"curies":[{"name":"wp","href":"https:\/\/api.w.org\/{rel}","templated":true}]}}