{"id":1592,"date":"2023-06-22T00:21:14","date_gmt":"2023-06-22T07:21:14","guid":{"rendered":"https:\/\/sx.vcusoft.com\/?page_id=1592"},"modified":"2023-07-12T00:30:47","modified_gmt":"2023-07-12T07:30:47","slug":"terms-conditions","status":"publish","type":"page","link":"https:\/\/polycarbonatesheet.com\/es\/terms-conditions\/","title":{"rendered":"Terms &#038; Conditions"},"content":{"rendered":"<div class=\"row align-center\"  id=\"row-28809570\">\n\n\n\t<div id=\"col-1848841147\" class=\"col medium-11 small-12 large-11\"  >\n\t\t\t\t<div class=\"col-inner\"  >\n\t\t\t\n\t\t\t\n\n\t<div id=\"gap-1443092733\" class=\"gap-element clearfix\" style=\"display:block; height:auto;\">\n\t\t\n<style>\n#gap-1443092733 {\n  padding-top: 20px;\n}\n@media (min-width:550px) {\n  #gap-1443092733 {\n    padding-top: 30px;\n  }\n}\n@media (min-width:850px) {\n  #gap-1443092733 {\n    padding-top: 50px;\n  }\n}\n<\/style>\n\t<\/div>\n\t\n\n<h1 style=\"text-align: center;\">T\u00e9rminos y condiciones<\/h1>\n<p>Bienvenido a polycarbonatesheet.com!<\/p>\n<p>Estos t\u00e9rminos y condiciones describen las reglas y regulaciones para el uso del sitio web de Foshan Songxia New Material Technology Co., Ltd, ubicado en https:\/\/polycarbonatesheet.com.<\/p>\n<p>Al acceder a este sitio web asumimos que usted acepta estos t\u00e9rminos y condiciones. No contin\u00fae usando polycarbonatesheet.com si usted no est\u00e1 de acuerdo en aceptar todos los t\u00e9rminos y condiciones indicados en esta p\u00e1gina.<\/p>\n<p>La siguiente terminolog\u00eda se aplica a estos t\u00e9rminos y condiciones, declaraci\u00f3n de privacidad y aviso de exenci\u00f3n de responsabilidad y todos los acuerdos: \"cliente\", \"usted\" y \"su\" se refiere a usted, la persona que inicia sesi\u00f3n en este sitio web y cumple con los t\u00e9rminos y condiciones de la compa\u00f1\u00eda. \"La empresa\", \"nosotros\", \"nosotros\", \"nuestro\" y \"nosotros\", se refiere a nuestra empresa. \"Fiesta\", \"fiestas\", o \"nosotros\", se refiere tanto al cliente como a nosotros mismos. Todos los t\u00e9rminos se refieren a la oferta, aceptaci\u00f3n y consideraci\u00f3n del pago necesario para llevar a cabo el proceso de nuestra asistencia al cliente de la manera m\u00e1s adecuada para el prop\u00f3sito expreso de satisfacer las necesidades del cliente con respecto a la prestaci\u00f3n de los servicios indicados de la compa\u00f1\u00eda, de acuerdo con y sujeto a la ley vigente de CN. Cualquier uso de la anterior terminolog\u00eda u otras palabras en singular, plural, may\u00fasculas y \/o \u00e9l\/ella o ellos, se toman como intercambiables y por lo tanto como referencia a la misma.<\/p>\n<h3><strong>Cookies<\/strong><\/h3>\n<p>Utilizamos el uso de cookies. Al acceder a polycarbonatesheet.com, usted acepta utilizar cookies de acuerdo con la pol\u00edtica de privacidad de Foshan Songxia New Material Technology Co., Ltd.<\/p>\n<p>La mayor\u00eda de los sitios web interactivos utilizan cookies para permitirnos recuperar los datos del usuario para cada visita. Las Cookies son utilizadas por nuestro sitio web para permitir la funcionalidad de ciertas \u00e1reas para facilitar a las personas que visitan nuestro sitio web. Algunos de nuestros socios afiliados\/publicitarios tambi\u00e9n pueden utilizar cookies<\/p>\n<h3><strong>Licencia de licencia<\/strong><\/h3>\n<p>A menos que se indique lo contrario, Foshan Songxia New Material Technology Co., Ltd y \/o sus licenciantes poseen los derechos de propiedad intelectual para todo el Material en polycarbonatesheet.com. Todos los derechos de propiedad intelectual est\u00e1n reservados. Usted puede acceder a esto desde polycarbonatesheet.com para su propio uso personal sujeto a las restricciones establecidas en estos t\u00e9rminos y condiciones.<\/p>\n<p>Usted no debe:<\/p>\n<ul>\n<li>Republicmaterial de polycarbonatesheet.com<\/li>\n<li>Vender, alquilar o sublicencimaterial de polycarbonatesheet.com<\/li>\n<li>Reproducir, duplicar o copiar material de polycarbonatesheet.com<\/li>\n<li>Redistribuir contenido de polycarbonatesheet.com<\/li>\n<\/ul>\n<p>Partes de este sitio web ofrecen una oportunidad para los usuarios para publicar e intercambiar opiniones e informaci\u00f3n en ciertas \u00e1reas del sitio web. Foshan Songxia New Material Technology Co., Ltd no filtra, edita, publica o revisa comentarios antes de su presencia en el sitio web. Los comentarios no reflejan los puntos de vista y opiniones de Foshan Songxia New Material Technology Co., Ltd, sus agentes y \/o afiliados. Los comentarios reflejan los puntos de vista y opiniones de la persona que publica sus puntos de vista y opiniones. En la medida permitida por las leyes aplicables, Foshan Songxia New Material Technology Co., Ltd no ser\u00e1 responsable por los comentarios o por cualquier responsabilidad, da\u00f1os o gastos causados y \/o sufridos como resultado de cualquier uso y \/o publicaci\u00f3n y \/o aparici\u00f3n de los comentarios en este sitio web.<\/p>\n<p>Foshan Songxia New Material Technology Co., Ltd se reserva el derecho de monitorear todos los comentarios y eliminar cualquier comentario que pueda ser considerado inapropiado, ofensivo o cause incumplimiento de estos t\u00e9rminos y condiciones.<\/p>\n<p>Usted garantiza y declara que:<\/p>\n<ul>\n<li>Usted tiene derecho a publicar los comentarios en nuestro sitio web y tiene todas las licencias y consentimientos necesarios para hacerlo;<\/li>\n<li>Los comentarios no invaning\u00fan derecho de propiedad intelectual, incluyendo, sin limitaci\u00f3n de derechos de autor, patente o marca registrada de cualquier tercero;<\/li>\n<li>Los comentarios no contienen ning\u00fan material difamatorio, difamatorio, ofensivo, indecente o ilegal que sea una invasi\u00f3n de la privacidad<\/li>\n<li>Los comentarios no ser\u00e1n utilizados para solicitar o promover negocios o costumbres o presentar actividades comerciales o actividades ilegales.<\/li>\n<\/ul>\n<p>Usted otorga a Foshan Songxia New Material Technology Co., Ltd una licencia no exclusiva para usar, reproducir, editar y autorizar a otros a usar, reproducir y editar cualquiera de sus comentarios en cualquiera y todas las formas, formatos o medios.<\/p>\n<h3><strong>Hiperenlace a nuestro contenido<\/strong><\/h3>\n<p>Las siguientes organizaciones pueden enlazarse a nuestro sitio web sin autorizaci\u00f3n previa por escrito:<\/p>\n<ul>\n<li>Agencias gubernamentales;<\/li>\n<li>Motores de b\u00fasqueda;<\/li>\n<li>Organizaciones de noticias;<\/li>\n<li>Los distribuidores del directorio en l\u00ednea pueden acoplar a nuestro Website de la misma manera que hyperlink a los Website de otros negocios enumerados; y<\/li>\n<li>Empresas acreditadas en todo el sistema, excepto organizaciones sin fines de lucro, centros comerciales de caridad, y grupos de recaudaci\u00f3n de fondos de caridad que no pueden enlaza nuestro sitio Web.<\/li>\n<\/ul>\n<p>Estas organizaciones pueden enlazar a nuestra p\u00e1gina principal, a publicaciones o a otra informaci\u00f3n del sitio web siempre que el enlace: (a) no sea de ninguna manera enga\u00f1oso; (b) no implique falsamente el patrocinio, respaldo o aprobaci\u00f3n de la parte vinculada y sus productos y \/o servicios; Y (C) encaja dentro del contexto del sitio de la parte enlazante.<\/p>\n<p>Podemos considerar y aprobar otras solicitudes de enlaces de los siguientes tipos de organizaciones:<\/p>\n<ul>\n<li>Fuentes de informaci\u00f3n de consumidores y \/o negocios de conocimiento com\u00fan;<\/li>\n<li>Sitios de la comunidad dot.com;<\/li>\n<li>Asociaciones u otros grupos que representen a organizaciones ben\u00e9ficas;<\/li>\n<li>Distribuidores de directorio en l\u00ednea;<\/li>\n<li>Portales de internet;<\/li>\n<li>Firmas de contabilidad, derecho y consultor\u00eda; y<\/li>\n<li>Instituciones educativas y asociaciones comerciales.<\/li>\n<\/ul>\n<p>Aprobaremos peticiones del acoplamiento de estas organizaciones si decidimos que: (a) el acoplamiento no nos har\u00eda mirar desfavorablemente a nosotros mismos o a nuestros negocios acreditados; (b) la organizaci\u00f3n no tiene ning\u00fan registro negativo con nosotros; (C) el beneficio para nosotros de la visibilidad del hiperenlace compenla ausencia de Foshan Songxia New Material Technology Co., Ltd; (d) el enlace est\u00e1 en el contexto de la informaci\u00f3n general del recurso.<\/p>\n<p>Estas organizaciones pueden enlazar a nuestra p\u00e1gina principal siempre y cuando el enlace: (a) no sea de ninguna manera enga\u00f1oso; (b) no implique falsamente patrocinio, endoso o aprobaci\u00f3n de la parte enlazante y sus productos o servicios; Y (C) encaja dentro del contexto del sitio de la parte enlazante.<\/p>\n<p>Si usted es una de las organizaciones enumeradas en el p\u00e1rrafo 2 anterior y est\u00e1 interesado en enlazar a nuestro sitio web, debe informarnos enviando un correo electr\u00f3nico a Foshan Songxia New Material Technology Co., Ltd. Por favor incluya su nombre, el nombre de su organizaci\u00f3n, la informaci\u00f3n de contacto, as\u00ed como la URL de su sitio, una lista de cualquier URL desde la que usted tiene la intenci\u00f3n de vincular a nuestro sitio web, y una lista de las URL de nuestro sitio a la que le gustar\u00eda vincular. Espere de 2 a 3 semanas para recibir una respuesta.<\/p>\n<p>Las organizaciones autorizadas pueden enlaza nuestro sitio web de la siguiente manera:<\/p>\n<ul>\n<li>Por el uso de nuestra raz\u00f3n social; o<\/li>\n<li>Mediante el uso del localizador de recursos uniforme que est\u00e1 vinculado a; o<\/li>\n<li>Mediante el uso de cualquier otra descripci\u00f3n de nuestra p\u00e1gina web vinculada a que tenga sentido en el contexto y el formato del contenido de la p\u00e1gina web de la parte vinculada.<\/li>\n<\/ul>\n<p>No se permitir\u00e1 el uso de Foshan Songxia New Material Technology Co., Ltd's logo u otra obra de arte para vincular ausente de un acuerdo de licencia de marca registrada.<\/p>\n<h3><strong>iFrames<\/strong><\/h3>\n<p>Sin autorizaci\u00f3n previa y permiso por escrito, no podr\u00e1 crear marcos alrededor de nuestras p\u00e1ginas web que alteren de ninguna manera la presentaci\u00f3n visual o la apariencia de nuestro sitio web.<\/p>\n<h3><strong>Responsabilidad por contenidos<\/strong><\/h3>\n<p>No seremos responsables por ning\u00fan contenido que aparezca en su sitio web. Usted acepta protegernos y defendernos contra todas las reclamaciones que est\u00e1n surgiendo en su sitio web. Ning\u00fan enlace (s) debe aparecer en cualquier sitio web que pueda ser interpretado como difamatorio, obsceno o criminal, o que infrin, de otro modo viola, o defiende la infracci\u00f3n u otra violaci\u00f3n de los derechos de terceros.<\/p>\n<h3><strong>Reserva de derechos<\/strong><\/h3>\n<p>Nos reservamos el derecho de solicitar que elimintodos los enlaces o cualquier enlace particular a nuestro sitio web. Usted aprueba eliminar inmediatamente todos los enlaces a nuestro sitio web a petici\u00f3n. Tambi\u00e9n nos reservamos el derecho a modificar estos t\u00e9rminos y condiciones y su pol\u00edtica de enlaces en cualquier momento. Al enlazar continuamente a nuestro sitio web, usted acepta estar obligado y seguir estos t\u00e9rminos y condiciones de enlace.<\/p>\n<h3><strong>Eliminaci\u00f3n de enlaces de nuestro sitio web<\/strong><\/h3>\n<p>Si encuentra alg\u00fan enlace en nuestro sitio web que sea ofensivo por cualquier raz\u00f3n, es libre de contactarnos e informarnos en cualquier momento. Consideraremos solicitudes para eliminar enlaces, pero no estamos obligados a o as\u00ed o para responder a usted directamente.<\/p>\n<p>No nos aseguramos de que la informaci\u00f3n en este sitio web sea correcta, no garantizamos su integridad o exactitud; Tampoco nos comprometemos a garantizar que el sitio web permanezca disponible o que el material en el sitio web se mantenga actualizado.<\/p>\n<h3><strong>Exenci\u00f3n de responsabilidad<\/strong><\/h3>\n<p>En la m\u00e1xima medida permitida por la ley aplicable, excluimos todas las representaciones, garant\u00edas y condiciones relativas a nuestro sitio web y el uso de este sitio web. Nada en este descargo de responsabilidad:<\/p>\n<ul>\n<li>Limitar o excluir nuestra o su responsabilidad por muerte o lesiones personales;<\/li>\n<li>Limitar o excluir nuestra o su responsabilidad por fraude o tergiversfraudul;<\/li>\n<li>Limitar cualquiera de nuestras o sus responsabilidades de cualquier manera que no est\u00e9 permitida bajo la ley aplicable; o<\/li>\n<li>Excluir cualquiera de nuestras o sus responsabilidades que no pueden ser excluidos en virtud de la ley aplicable.<\/li>\n<\/ul>\n<p>(a) est\u00e1n sujetos al p\u00e1rrafo anterior; Y (b) regir\u00e1n todas las responsabilidades derivadas de la exenci\u00f3n de responsabilidad, incluidas las responsabilidades derivadas de contratos, agravios y por incumplimiento de obligaciones legales.<\/p>\n<p>Siempre y cuando el sitio web y la informaci\u00f3n y servicios en el sitio web se proporcionan de forma gratuita, no seremos responsables de cualquier p\u00e9rdida o da\u00f1o de cualquier naturaleza.<\/p>\n\n\t\t<\/div>\n\t\t\t\t\t<\/div>\n\n\t\n\n<\/div>","protected":false},"excerpt":{"rendered":"","protected":false},"author":1,"featured_media":0,"parent":0,"menu_order":0,"comment_status":"closed","ping_status":"closed","template":"","meta":{"_joinchat":[],"footnotes":""},"class_list":["post-1592","page","type-page","status-publish","hentry"],"_links":{"self":[{"href":"https:\/\/polycarbonatesheet.com\/es\/wp-json\/wp\/v2\/pages\/1592","targetHints":{"allow":["GET"]}}],"collection":[{"href":"https:\/\/polycarbonatesheet.com\/es\/wp-json\/wp\/v2\/pages"}],"about":[{"href":"https:\/\/polycarbonatesheet.com\/es\/wp-json\/wp\/v2\/types\/page"}],"author":[{"embeddable":true,"href":"https:\/\/polycarbonatesheet.com\/es\/wp-json\/wp\/v2\/users\/1"}],"replies":[{"embeddable":true,"href":"https:\/\/polycarbonatesheet.com\/es\/wp-json\/wp\/v2\/comments?post=1592"}],"version-history":[{"count":3,"href":"https:\/\/polycarbonatesheet.com\/es\/wp-json\/wp\/v2\/pages\/1592\/revisions"}],"predecessor-version":[{"id":2175,"href":"https:\/\/polycarbonatesheet.com\/es\/wp-json\/wp\/v2\/pages\/1592\/revisions\/2175"}],"wp:attachment":[{"href":"https:\/\/polycarbonatesheet.com\/es\/wp-json\/wp\/v2\/media?parent=1592"}],"curies":[{"name":"wp","href":"https:\/\/api.w.org\/{rel}","templated":true}]}}