{"id":3,"date":"2023-03-10T20:58:36","date_gmt":"2023-03-11T04:58:36","guid":{"rendered":"http:\/\/localhost:10015\/?page_id=3"},"modified":"2023-06-22T00:26:08","modified_gmt":"2023-06-22T07:26:08","slug":"privacy-policy","status":"publish","type":"page","link":"https:\/\/polycarbonatesheet.com\/es\/privacy-policy\/","title":{"rendered":"Pol\u00edtica de privacidad"},"content":{"rendered":"<div class=\"row align-center\"  id=\"row-1182077751\">\n\n\n\t<div id=\"col-313470177\" class=\"col medium-11 small-12 large-11\"  >\n\t\t\t\t<div class=\"col-inner\"  >\n\t\t\t\n\t\t\t\n\n\t<div id=\"gap-565964731\" class=\"gap-element clearfix\" style=\"display:block; height:auto;\">\n\t\t\n<style>\n#gap-565964731 {\n  padding-top: 20px;\n}\n@media (min-width:550px) {\n  #gap-565964731 {\n    padding-top: 30px;\n  }\n}\n@media (min-width:850px) {\n  #gap-565964731 {\n    padding-top: 50px;\n  }\n}\n<\/style>\n\t<\/div>\n\t\n\n<h1 style=\"text-align: center;\"><strong>Pol\u00edtica de privacidad<\/strong><\/h1>\n<p>Songxia New Material es el \u00fanico propietario de la informaci\u00f3n recogida en este sitio. No vamos a vender o alquilar esta informaci\u00f3n a otros.<br \/><br \/>El nuevo Material de Songxia utiliza dos tipos de informaci\u00f3n del usuario; La informaci\u00f3n an\u00f3nima recopila partir de cookies y archivos de registro, y la informaci\u00f3n personal que nos proporciona para ciertos servicios. Ver abajo las definiciones de cada uno de estos m\u00e9todos.<br \/><br \/>Informaci\u00f3n an\u00f3nima - Cookies y archivos de registro<br \/>Una cookie es un dato almacenado en el disco duro del usuario que contiene informaci\u00f3n sobre el usuario. El uso de una cookie no est\u00e1 de ninguna manera vinculado a la informaci\u00f3n personal, hasta que un usuario proporciona esa informaci\u00f3n (ver m\u00e1s abajo). Si un usuario rechaza o elimina la cookie, puede seguir utilizando nuestro sitio. Las Cookies tambi\u00e9n nos permiten rastrear y agregar datos de comportamiento de clic. Al hacerlo, podemos orientar mejor los intereses de nuestros usuarios y mejorar su experiencia en nuestro sitio.<br \/><br \/>Songxia New Material tambi\u00e9n mantiene registros web est\u00e1ndar que registran datos sobre todos los visitantes de este sitio web.<br \/>Estos registros pueden contener:<br \/><br \/>El dominio de internet desde el que se accede a este sitio.<br \/>Su direcci\u00f3n IP (a su ordenador se le asigna autom\u00e1ticamente una direcci\u00f3n IP cuando navega por Internet. Su direcci\u00f3n IP es est\u00e1tica o din\u00e1mica. Una direcci\u00f3n IP fija puede ser identificable para usted; Una direcci\u00f3n din\u00e1mica normalmente no es identificable para usted).<br \/>El tipo de navegador y sistema operativo que utilice.<br \/>La fecha y hora en que visit\u00f3 el sitio.<br \/>Las p\u00e1ginas que has visto en el sitio.<br \/>La direcci\u00f3n del sitio Web desde el que enlaz\u00f3.<br \/>Songxia New Material. Utiliza el registro web y la informaci\u00f3n de clicpara ayudarnos a dise\u00f1ar nuestro sitio, para identificar las caracter\u00edsticas populares del sitio y para hacer el sitio m\u00e1s \u00fatil para los visitantes. Los weblogs se registran en archivos secuenciales, y normalmente no intentamos identificar individuos de estos registros. Sin embargo, podemos utilizar los registros web para identificar a las personas que intentan entrar, interrumpir o da\u00f1ar nuestro sitio. Podemos compartir informaci\u00f3n de registro web con el personal de aplicaci\u00f3n de la ley si creemos que existe evidencia, o es probable que ocurra, de una violaci\u00f3n de las leyes o reglamentos federales, estatales o locales.<br \/><br \/><strong>Informaci\u00f3n Personal del voluntario<\/strong><br \/>Los usuarios pueden optar por ofrecer informaci\u00f3n personal voluntaria (nombre, direcci\u00f3n de correo electr\u00f3nico, n\u00famero de tel\u00e9fono, etc.) para que podamos proporcionarles servicios tales como folletos y solicitudes de informaci\u00f3n, encuestas, anuncios en el sitio, y ofertas especiales en el momento de la solicitud o en el futuro. Si usted compra los productos y servicios de Songxia New Material, recopilamos informaci\u00f3n de facturaci\u00f3n y de tarjeta de cr\u00e9dito. Si previamente nos dio su direcci\u00f3n de correo electr\u00f3nico y ya no desea recibir anuncios\/correspondencia por correo electr\u00f3nico, usted puede tener su nombre eliminado de nuestra lista de correo electr\u00f3nico envi\u00e1ndonos un correo electr\u00f3nico a export01@sxpcsheet.com llamando, o enviando un correo regular (ver informaci\u00f3n de contacto m\u00e1s abajo). Songxia New Material. No vende ni alquila la informaci\u00f3n del usuario a terceros. Compartimos nuestra informaci\u00f3n de usuario con nuestros afiliados y distribuidores, y socios de marketing contratados para hacer negocios en nuestro nombre. Cuando el usuario se registra para ciertos servicios y ofertas en nuestro sitio, vamos a compartir nombres, u otra informaci\u00f3n de contacto necesaria para cualquier tercero asociado para proporcionar estos servicios. Songxia New Material. Compartir\u00e1 la informaci\u00f3n del usuario de acuerdo con la pol\u00edtica de privacidad vigente en el momento en que se recopila la informaci\u00f3n.<br \/><br \/>Si la informaci\u00f3n personal de un usuario cambia, intentaremos proporcionar una manera de corregir o actualizar los datos personales de ese usuario proporcionados a nosotros. Esto se puede hacer contactando con Songxia New Material. Asuntos del consumidor como se describe a continuaci\u00f3n.<br \/><br \/><strong>seguridad<\/strong><br \/>Songxia New Material. Toma precauciones razonables para proteger la informaci\u00f3n de nuestros usuarios, tanto durante la transmisi\u00f3n de la informaci\u00f3n como despu\u00e9s de que sea recibida por nosotros.<br \/><br \/>Adem\u00e1s, una vez que la informaci\u00f3n ha sido recibida por nosotros, utilizamos procedimientos y pol\u00edticas de seguridad acordes con los est\u00e1ndares de la industria para proteger contra la p\u00e9rdida, robo, acceso no autorizado, destrucci\u00f3n, uso, modificaci\u00f3n y divulgaci\u00f3n. Si usted tiene cualesquiera preguntas sobre la seguridad de nuestro Web site, usted puede enviarlas v\u00eda e-mail a export01@sxpcsheet.com<br \/><br \/><strong>enlaces<\/strong><br \/>Este sitio Web puede contener enlaces a otros sitios. Por favor tenga en cuenta que Songxia nuevo Material. No se hace responsable de las pr\u00e1cticas de privacidad de dichos sitios. Animamos a nuestros usuarios a ser conscientes cuando salen de nuestro sitio y a leer la declaraci\u00f3n de privacidad de cada sitio Web que recopila informaci\u00f3n personal. Esta declaraci\u00f3n de privacidad se aplica \u00fanicamente a la informaci\u00f3n recopilpor este sitio Web.<br \/><br \/><strong>Notificaci\u00f3n de cambios<\/strong><br \/>Nos reservamos el derecho de cambiar esta pol\u00edtica de privacidad en cualquier momento. Publicaremos esos cambios en esta p\u00e1gina para que los usuarios est\u00e9n siempre al tanto de qu\u00e9 informaci\u00f3n recopilamos, c\u00f3mo la usamos y bajo qu\u00e9 circunstancias la divulgamos. Utilizaremos, compartiremos y revelaremos toda la informaci\u00f3n de acuerdo con la pol\u00edtica de privacidad vigente en el momento en que se recogi\u00f3 la informaci\u00f3n.<\/p>\n\n\t\t<\/div>\n\t\t\t\t\t<\/div>\n\n\t\n\n<\/div>","protected":false},"excerpt":{"rendered":"","protected":false},"author":1,"featured_media":0,"parent":0,"menu_order":0,"comment_status":"closed","ping_status":"closed","template":"","meta":{"_joinchat":[],"footnotes":""},"class_list":["post-3","page","type-page","status-publish","hentry"],"_links":{"self":[{"href":"https:\/\/polycarbonatesheet.com\/es\/wp-json\/wp\/v2\/pages\/3","targetHints":{"allow":["GET"]}}],"collection":[{"href":"https:\/\/polycarbonatesheet.com\/es\/wp-json\/wp\/v2\/pages"}],"about":[{"href":"https:\/\/polycarbonatesheet.com\/es\/wp-json\/wp\/v2\/types\/page"}],"author":[{"embeddable":true,"href":"https:\/\/polycarbonatesheet.com\/es\/wp-json\/wp\/v2\/users\/1"}],"replies":[{"embeddable":true,"href":"https:\/\/polycarbonatesheet.com\/es\/wp-json\/wp\/v2\/comments?post=3"}],"version-history":[{"count":2,"href":"https:\/\/polycarbonatesheet.com\/es\/wp-json\/wp\/v2\/pages\/3\/revisions"}],"predecessor-version":[{"id":1596,"href":"https:\/\/polycarbonatesheet.com\/es\/wp-json\/wp\/v2\/pages\/3\/revisions\/1596"}],"wp:attachment":[{"href":"https:\/\/polycarbonatesheet.com\/es\/wp-json\/wp\/v2\/media?parent=3"}],"curies":[{"name":"wp","href":"https:\/\/api.w.org\/{rel}","templated":true}]}}